{"id":2868,"date":"2024-01-25T09:56:10","date_gmt":"2024-01-25T09:56:10","guid":{"rendered":"https:\/\/www.penyaadvocats.com\/contacte\/"},"modified":"2024-01-25T10:11:08","modified_gmt":"2024-01-25T10:11:08","slug":"contacte","status":"publish","type":"page","link":"https:\/\/www.penyaadvocats.com\/ca\/contacte\/","title":{"rendered":"Contacte"},"content":{"rendered":"\t\t<div data-elementor-type=\"wp-page\" data-elementor-id=\"2868\" class=\"elementor elementor-2868 elementor-2820\" data-elementor-post-type=\"page\">\n\t\t\t\t\t\t<section class=\"elementor-section elementor-top-section elementor-element elementor-element-4593311 elementor-section-height-min-height elementor-section-full_width elementor-section-height-default elementor-section-items-middle\" data-id=\"4593311\" data-element_type=\"section\" data-e-type=\"section\" data-settings=\"{&quot;background_background&quot;:&quot;classic&quot;}\">\n\t\t\t\t\t\t\t<div class=\"elementor-background-overlay\"><\/div>\n\t\t\t\t\t\t\t<div class=\"elementor-container elementor-column-gap-custom\">\n\t\t\t\t\t<div class=\"elementor-column elementor-col-100 elementor-top-column elementor-element elementor-element-2203cbe\" data-id=\"2203cbe\" data-element_type=\"column\" data-e-type=\"column\">\n\t\t\t<div class=\"elementor-widget-wrap elementor-element-populated\">\n\t\t\t\t\t\t<div class=\"elementor-element elementor-element-9b99fc5 elementor-hidden-desktop elementor-hidden-laptop elementor-widget elementor-widget-image\" data-id=\"9b99fc5\" data-element_type=\"widget\" data-e-type=\"widget\" data-widget_type=\"image.default\">\n\t\t\t\t<div class=\"elementor-widget-container\">\n\t\t\t\t\t\t\t\t\t\t\t\t\t\t\t<img fetchpriority=\"high\" decoding=\"async\" width=\"782\" height=\"538\" src=\"https:\/\/www.penyaadvocats.com\/wp-content\/uploads\/2023\/10\/Contacto-Virginia-Pena.png\" class=\"attachment-full size-full wp-image-2421\" alt=\"Contacto Virginia Pen\u0303a\" srcset=\"https:\/\/www.penyaadvocats.com\/wp-content\/uploads\/2023\/10\/Contacto-Virginia-Pena.png 782w, https:\/\/www.penyaadvocats.com\/wp-content\/uploads\/2023\/10\/Contacto-Virginia-Pena-300x206.png 300w, https:\/\/www.penyaadvocats.com\/wp-content\/uploads\/2023\/10\/Contacto-Virginia-Pena-768x528.png 768w\" sizes=\"(max-width: 782px) 100vw, 782px\" title=\"\">\t\t\t\t\t\t\t\t\t\t\t\t\t\t\t<\/div>\n\t\t\t\t<\/div>\n\t\t\t\t<section class=\"elementor-section elementor-inner-section elementor-element elementor-element-96b1f93 elementor-section-content-top elementor-section-boxed elementor-section-height-default elementor-section-height-default\" data-id=\"96b1f93\" data-element_type=\"section\" data-e-type=\"section\">\n\t\t\t\t\t\t<div class=\"elementor-container elementor-column-gap-default\">\n\t\t\t\t\t<div class=\"elementor-column elementor-col-50 elementor-inner-column elementor-element elementor-element-650a24d animated-slow elementor-invisible\" data-id=\"650a24d\" data-element_type=\"column\" data-e-type=\"column\" data-settings=\"{&quot;animation&quot;:&quot;fadeInUp&quot;}\">\n\t\t\t<div class=\"elementor-widget-wrap elementor-element-populated\">\n\t\t\t\t\t\t<div class=\"elementor-element elementor-element-4b0ebb7 elementor-widget elementor-widget-heading\" data-id=\"4b0ebb7\" data-element_type=\"widget\" data-e-type=\"widget\" data-widget_type=\"heading.default\">\n\t\t\t\t<div class=\"elementor-widget-container\">\n\t\t\t\t\t<span class=\"elementor-heading-title elementor-size-default\">Tens dubtes?<\/span>\t\t\t\t<\/div>\n\t\t\t\t<\/div>\n\t\t\t\t<div class=\"elementor-element elementor-element-dc91cbe elementor-widget elementor-widget-text-editor\" data-id=\"dc91cbe\" data-element_type=\"widget\" data-e-type=\"widget\" data-widget_type=\"text-editor.default\">\n\t\t\t\t<div class=\"elementor-widget-container\">\n\t\t\t\t\t\t\t\t\t<p class=\"CuerpoA\"><span class=\"Ninguno\"><span lang=\"ES-TRAD\">Contacta amb nosaltres i en parlem en privat. <\/span><\/span><\/p>\n\t\t\t\t\t\t\t\t<\/div>\n\t\t\t\t<\/div>\n\t\t\t\t<div class=\"elementor-element elementor-element-06fe452 elementor-position-inline-start elementor-view-default elementor-mobile-position-block-start elementor-widget elementor-widget-icon-box\" data-id=\"06fe452\" data-element_type=\"widget\" data-e-type=\"widget\" data-widget_type=\"icon-box.default\">\n\t\t\t\t<div class=\"elementor-widget-container\">\n\t\t\t\t\t\t\t<div class=\"elementor-icon-box-wrapper\">\n\n\t\t\t\t\t\t<div class=\"elementor-icon-box-icon\">\n\t\t\t\t<a href=\"tel:+34977320958\" class=\"elementor-icon\" tabindex=\"-1\" aria-label=\"Truca&#039;ns\">\n\t\t\t\t<svg xmlns=\"http:\/\/www.w3.org\/2000\/svg\" id=\"Capa_1\" data-name=\"Capa 1\" viewBox=\"0 0 58.6 58.6\"><defs><style>.cls-1{fill:#373c81;}<\/style><\/defs><title>Recursos<\/title><path class=\"cls-1\" d=\"M29.3,1.93A27.37,27.37,0,1,0,56.67,29.3,27.36,27.36,0,0,0,29.3,1.93ZM40.39,40.61a5.91,5.91,0,0,1-3,3.67,5,5,0,0,1-2.12.46,6.57,6.57,0,0,1-2.46-.51,33.33,33.33,0,0,1-10.9-7.1l0,0a33.13,33.13,0,0,1-7.11-10.91,5.6,5.6,0,0,1-.06-4.57,5.92,5.92,0,0,1,3.67-3.06,3.34,3.34,0,0,1,2.27,0c1.64.6,5.05,5.25,5.15,7A3.31,3.31,0,0,1,24,28.53a1.1,1.1,0,1,1-1.24-1.81c.71-.49.82-.71.8-1-.11-.95-2.86-4.69-3.72-5.07a1.11,1.11,0,0,0-.8,0,3.75,3.75,0,0,0-2.37,1.88,3.55,3.55,0,0,0,.09,2.83,31.18,31.18,0,0,0,6.63,10.19h0a31.15,31.15,0,0,0,10.2,6.64,3.51,3.51,0,0,0,2.83.09,3.75,3.75,0,0,0,1.88-2.37,1.11,1.11,0,0,0,0-.8c-.37-.86-4.12-3.61-5.07-3.72-.3,0-.52.1-1,.8A1.1,1.1,0,0,1,30.42,35a3.33,3.33,0,0,1,2.94-1.76c1.76.1,6.42,3.52,7,5.15A3.34,3.34,0,0,1,40.39,40.61Zm-11-19.42a1.11,1.11,0,0,1,1.1-1.1A7.5,7.5,0,0,1,38,27.58a1.1,1.1,0,1,1-2.2,0,5.3,5.3,0,0,0-5.29-5.29A1.1,1.1,0,0,1,29.4,21.19Zm13.89,7.49a1.1,1.1,0,0,1-1.1-1.1A11.69,11.69,0,0,0,30.5,15.9a1.1,1.1,0,0,1,0-2.2A13.9,13.9,0,0,1,44.39,27.58,1.1,1.1,0,0,1,43.29,28.68Z\"><\/path><\/svg>\t\t\t\t<\/a>\n\t\t\t<\/div>\n\t\t\t\n\t\t\t\t\t\t<div class=\"elementor-icon-box-content\">\n\n\t\t\t\t\t\t\t\t\t<div class=\"elementor-icon-box-title\">\n\t\t\t\t\t\t<a href=\"tel:+34977320958\" >\n\t\t\t\t\t\t\tTruca'ns\t\t\t\t\t\t<\/a>\n\t\t\t\t\t<\/div>\n\t\t\t\t\n\t\t\t\t\t\t\t\t\t<p class=\"elementor-icon-box-description\">\n\t\t\t\t\t\t977 32 09 58\t\t\t\t\t<\/p>\n\t\t\t\t\n\t\t\t<\/div>\n\t\t\t\n\t\t<\/div>\n\t\t\t\t\t\t<\/div>\n\t\t\t\t<\/div>\n\t\t\t\t<div class=\"elementor-element elementor-element-c90eea2 elementor-position-inline-start elementor-view-default elementor-mobile-position-block-start elementor-widget elementor-widget-icon-box\" data-id=\"c90eea2\" data-element_type=\"widget\" data-e-type=\"widget\" data-widget_type=\"icon-box.default\">\n\t\t\t\t<div class=\"elementor-widget-container\">\n\t\t\t\t\t\t\t<div class=\"elementor-icon-box-wrapper\">\n\n\t\t\t\t\t\t<div class=\"elementor-icon-box-icon\">\n\t\t\t\t<a href=\"mailto:virginia@penyaadvocats.com\" class=\"elementor-icon\" tabindex=\"-1\" aria-label=\"Escriu-nos\">\n\t\t\t\t<svg xmlns=\"http:\/\/www.w3.org\/2000\/svg\" id=\"Capa_1\" data-name=\"Capa 1\" viewBox=\"0 0 58.6 58.6\"><defs><style>.cls-1{fill:#373c81;}<\/style><\/defs><title>Recursos<\/title><path class=\"cls-1\" d=\"M44.46,18.94H14.14A1.16,1.16,0,0,0,13,20.1V38.5a1.16,1.16,0,0,0,1.16,1.16H44.46a1.16,1.16,0,0,0,1.16-1.16V20.1A1.16,1.16,0,0,0,44.46,18.94Zm-1.55,4.35L30.07,34.6a1.12,1.12,0,0,1-.77.29,1.14,1.14,0,0,1-.77-.29L15.69,23.29a1.16,1.16,0,0,1-.1-1.64,1.15,1.15,0,0,1,1.63-.1L29.3,32.19,41.38,21.55a1.15,1.15,0,0,1,1.63.1A1.16,1.16,0,0,1,42.91,23.29Z\"><\/path><path class=\"cls-1\" d=\"M29.3,1.93A27.37,27.37,0,1,0,56.67,29.3,27.36,27.36,0,0,0,29.3,1.93ZM47.94,38.5A3.48,3.48,0,0,1,44.46,42H14.14a3.48,3.48,0,0,1-3.48-3.48V20.1a3.48,3.48,0,0,1,3.48-3.48H44.46a3.48,3.48,0,0,1,3.48,3.48Z\"><\/path><\/svg>\t\t\t\t<\/a>\n\t\t\t<\/div>\n\t\t\t\n\t\t\t\t\t\t<div class=\"elementor-icon-box-content\">\n\n\t\t\t\t\t\t\t\t\t<div class=\"elementor-icon-box-title\">\n\t\t\t\t\t\t<a href=\"mailto:virginia@penyaadvocats.com\" >\n\t\t\t\t\t\t\tEscriu-nos\t\t\t\t\t\t<\/a>\n\t\t\t\t\t<\/div>\n\t\t\t\t\n\t\t\t\t\t\t\t\t\t<p class=\"elementor-icon-box-description\">\n\t\t\t\t\t\tvirginia@penyaadvocats.com\t\t\t\t\t<\/p>\n\t\t\t\t\n\t\t\t<\/div>\n\t\t\t\n\t\t<\/div>\n\t\t\t\t\t\t<\/div>\n\t\t\t\t<\/div>\n\t\t\t\t<div class=\"elementor-element elementor-element-02c6d19 elementor-position-inline-start elementor-view-default elementor-mobile-position-block-start elementor-widget elementor-widget-icon-box\" data-id=\"02c6d19\" data-element_type=\"widget\" data-e-type=\"widget\" data-widget_type=\"icon-box.default\">\n\t\t\t\t<div class=\"elementor-widget-container\">\n\t\t\t\t\t\t\t<div class=\"elementor-icon-box-wrapper\">\n\n\t\t\t\t\t\t<div class=\"elementor-icon-box-icon\">\n\t\t\t\t<a href=\"https:\/\/maps.app.goo.gl\/TidPpKjtTZAE2434A\" target=\"_blank\" class=\"elementor-icon\" tabindex=\"-1\" aria-label=\"Visita&#039;ns\" rel=\"noopener\">\n\t\t\t\t<svg xmlns=\"http:\/\/www.w3.org\/2000\/svg\" id=\"Capa_1\" data-name=\"Capa 1\" viewBox=\"0 0 58.6 58.6\"><defs><style>.cls-1{fill:#373c81;}<\/style><\/defs><title>Recursos<\/title><path class=\"cls-1\" d=\"M29.3,13A11.88,11.88,0,0,0,17.43,24.91c0,4.27,1.28,6,8.38,15.32,1,1.37,2.2,2.89,3.49,4.61,1.28-1.71,2.43-3.22,3.47-4.59,7.12-9.39,8.4-11.08,8.4-15.34A11.89,11.89,0,0,0,29.3,13Zm0,19.43a7.56,7.56,0,1,1,7.55-7.56A7.56,7.56,0,0,1,29.3,32.47Z\"><\/path><path class=\"cls-1\" d=\"M29.3,1.93A27.37,27.37,0,1,0,56.67,29.3,27.36,27.36,0,0,0,29.3,1.93Zm5.19,39.63-4.33,5.72a1.06,1.06,0,0,1-1.72,0l-4.35-5.75c-7.3-9.62-8.82-11.63-8.82-16.62a14,14,0,1,1,28.06,0C43.33,29.9,41.8,31.9,34.49,41.56Z\"><\/path><path class=\"cls-1\" d=\"M29.3,19.52a5.4,5.4,0,1,0,5.4,5.39A5.4,5.4,0,0,0,29.3,19.52Z\"><\/path><\/svg>\t\t\t\t<\/a>\n\t\t\t<\/div>\n\t\t\t\n\t\t\t\t\t\t<div class=\"elementor-icon-box-content\">\n\n\t\t\t\t\t\t\t\t\t<div class=\"elementor-icon-box-title\">\n\t\t\t\t\t\t<a href=\"https:\/\/maps.app.goo.gl\/TidPpKjtTZAE2434A\" target=\"_blank\" rel=\"noopener\">\n\t\t\t\t\t\t\tVisita'ns\t\t\t\t\t\t<\/a>\n\t\t\t\t\t<\/div>\n\t\t\t\t\n\t\t\t\t\t\t\t\t\t<p class=\"elementor-icon-box-description\">\n\t\t\t\t\t\tAvenida Mari\u00e0 Fortuny 83, 2\u00ba 1\u00aa<br>\n43203 - Reus (Tarragona)\t\t\t\t\t<\/p>\n\t\t\t\t\n\t\t\t<\/div>\n\t\t\t\n\t\t<\/div>\n\t\t\t\t\t\t<\/div>\n\t\t\t\t<\/div>\n\t\t\t\t<div class=\"elementor-element elementor-element-b9f642e elementor-widget elementor-widget-spacer\" data-id=\"b9f642e\" data-element_type=\"widget\" data-e-type=\"widget\" data-widget_type=\"spacer.default\">\n\t\t\t\t<div class=\"elementor-widget-container\">\n\t\t\t\t\t\t\t<div class=\"elementor-spacer\">\n\t\t\t<div class=\"elementor-spacer-inner\"><\/div>\n\t\t<\/div>\n\t\t\t\t\t\t<\/div>\n\t\t\t\t<\/div>\n\t\t\t\t<div class=\"elementor-element elementor-element-15775be animated-slow elementor-widget elementor-widget-heading\" data-id=\"15775be\" data-element_type=\"widget\" data-e-type=\"widget\" data-settings=\"{&quot;_animation&quot;:&quot;none&quot;}\" data-widget_type=\"heading.default\">\n\t\t\t\t<div class=\"elementor-widget-container\">\n\t\t\t\t\t<span class=\"elementor-heading-title elementor-size-default\">Explica'ns el teu cas<\/span>\t\t\t\t<\/div>\n\t\t\t\t<\/div>\n\t\t\t\t<div class=\"elementor-element elementor-element-b1abc79 elementor-button-align-center elementor-widget elementor-widget-form\" data-id=\"b1abc79\" data-element_type=\"widget\" data-e-type=\"widget\" data-settings=\"{&quot;step_next_label&quot;:&quot;Seg\\u00fcent&quot;,&quot;step_previous_label&quot;:&quot;Anterior&quot;,&quot;button_width&quot;:&quot;100&quot;,&quot;step_type&quot;:&quot;number_text&quot;,&quot;step_icon_shape&quot;:&quot;circle&quot;}\" data-widget_type=\"form.default\">\n\t\t\t\t<div class=\"elementor-widget-container\">\n\t\t\t\t\t\t\t<form class=\"elementor-form\" method=\"post\" name=\"Formulari de contacte\" aria-label=\"Formulari de contacte\">\n\t\t\t<input type=\"hidden\" name=\"post_id\" value=\"2868\"\/>\n\t\t\t<input type=\"hidden\" name=\"form_id\" value=\"b1abc79\"\/>\n\t\t\t<input type=\"hidden\" name=\"referer_title\" value=\"Contacte - Virginia Pe\u00f1a Abogada en Reus y Tarragona\" \/>\n\n\t\t\t\t\t\t\t<input type=\"hidden\" name=\"queried_id\" value=\"2868\"\/>\n\t\t\t\n\t\t\t<div class=\"elementor-form-fields-wrapper elementor-labels-above\">\n\t\t\t\t\t\t\t\t<div class=\"elementor-field-type-text elementor-field-group elementor-column elementor-field-group-name elementor-col-50 elementor-field-required\">\n\t\t\t\t\t\t\t\t\t\t\t\t<label for=\"form-field-name\" class=\"elementor-field-label\">\n\t\t\t\t\t\t\t\tNom\t\t\t\t\t\t\t<\/label>\n\t\t\t\t\t\t\t\t\t\t\t\t\t\t<input size=\"1\" type=\"text\" name=\"form_fields[name]\" id=\"form-field-name\" class=\"elementor-field elementor-size-sm  elementor-field-textual\" placeholder=\"Nom\" required=\"required\">\n\t\t\t\t\t\t\t\t\t\t\t<\/div>\n\t\t\t\t\t\t\t\t<div class=\"elementor-field-type-email elementor-field-group elementor-column elementor-field-group-email elementor-col-50 elementor-field-required\">\n\t\t\t\t\t\t\t\t\t\t\t\t<label for=\"form-field-email\" class=\"elementor-field-label\">\n\t\t\t\t\t\t\t\tCorreu electr\u00f2nic\t\t\t\t\t\t\t<\/label>\n\t\t\t\t\t\t\t\t\t\t\t\t\t\t<input size=\"1\" type=\"email\" name=\"form_fields[email]\" id=\"form-field-email\" class=\"elementor-field elementor-size-sm  elementor-field-textual\" placeholder=\"Correu electr\u00f2nic\" required=\"required\">\n\t\t\t\t\t\t\t\t\t\t\t<\/div>\n\t\t\t\t\t\t\t\t<div class=\"elementor-field-type-tel elementor-field-group elementor-column elementor-field-group-field_885ce4d elementor-col-100 elementor-field-required\">\n\t\t\t\t\t\t\t\t\t\t\t\t<label for=\"form-field-field_885ce4d\" class=\"elementor-field-label\">\n\t\t\t\t\t\t\t\tTel\u00e8fon\t\t\t\t\t\t\t<\/label>\n\t\t\t\t\t\t\t\t<input size=\"1\" type=\"tel\" name=\"form_fields[field_885ce4d]\" id=\"form-field-field_885ce4d\" class=\"elementor-field elementor-size-sm  elementor-field-textual\" placeholder=\"Tel\u00e8fon\" required=\"required\" pattern=\"[0-9()#&amp;+*-=.]+\" title=\"Only numbers and phone characters (#, -, *, etc) are accepted.\">\n\n\t\t\t\t\t\t<\/div>\n\t\t\t\t\t\t\t\t<div class=\"elementor-field-type-textarea elementor-field-group elementor-column elementor-field-group-field_970d7be elementor-col-100 elementor-field-required\">\n\t\t\t\t\t\t\t\t\t\t\t\t<label for=\"form-field-field_970d7be\" class=\"elementor-field-label\">\n\t\t\t\t\t\t\t\tEn qu\u00e8 podem ajudar-te\t\t\t\t\t\t\t<\/label>\n\t\t\t\t\t\t<textarea class=\"elementor-field-textual elementor-field  elementor-size-sm\" name=\"form_fields[field_970d7be]\" id=\"form-field-field_970d7be\" rows=\"4\" placeholder=\"Explica&#039;ns en que podem ajudar-te\" required=\"required\"><\/textarea>\t\t\t\t<\/div>\n\t\t\t\t\t\t\t\t<div class=\"elementor-field-type-acceptance elementor-field-group elementor-column elementor-field-group-field_adf44bb elementor-col-100\">\n\t\t\t\t\t\t\t<div class=\"elementor-field-subgroup\">\n\t\t\t<span class=\"elementor-field-option\">\n\t\t\t\t<input type=\"checkbox\" name=\"form_fields[field_adf44bb]\" id=\"form-field-field_adf44bb\" class=\"elementor-field elementor-size-sm  elementor-acceptance-field\">\n\t\t\t\t<label for=\"form-field-field_adf44bb\">He llegit i accepto la <a href=\"https:\/\/www.penyaadvocats.com\/politica-de-privacidad\/\" target=\"_blank\">pol\u00edtica de privadesa<\/a><\/label>\t\t\t<\/span>\n\t\t<\/div>\n\t\t\t\t\t\t<\/div>\n\t\t\t\t\t\t\t\t<div class=\"elementor-field-type-recaptcha_v3 elementor-field-group elementor-column elementor-field-group-field_aa39069 elementor-col-100 recaptcha_v3-bottomright\">\n\t\t\t\t\t<div class=\"elementor-field\" id=\"form-field-field_aa39069\"><div class=\"elementor-g-recaptcha\" data-sitekey=\"6LeHdg0pAAAAAH78V2hTFtsmTAlllzsgiTYJSJUi\" data-type=\"v3\" data-action=\"Form\" data-badge=\"bottomright\" data-size=\"invisible\"><\/div><\/div>\t\t\t\t<\/div>\n\t\t\t\t\t\t\t\t<div class=\"elementor-field-group elementor-column elementor-field-type-submit elementor-col-100 e-form__buttons\">\n\t\t\t\t\t<button class=\"elementor-button elementor-size-sm\" type=\"submit\">\n\t\t\t\t\t\t<span class=\"elementor-button-content-wrapper\">\n\t\t\t\t\t\t\t\t\t\t\t\t\t\t\t\t\t\t\t\t\t\t<span class=\"elementor-button-text\">CONTACTAR<\/span>\n\t\t\t\t\t\t\t\t\t\t\t\t\t<\/span>\n\t\t\t\t\t<\/button>\n\t\t\t\t<\/div>\n\t\t\t<\/div>\n\t\t<\/form>\n\t\t\t\t\t\t<\/div>\n\t\t\t\t<\/div>\n\t\t\t\t<div class=\"elementor-element elementor-element-3d9b948 elementor-widget elementor-widget-toggle\" data-id=\"3d9b948\" data-element_type=\"widget\" data-e-type=\"widget\" data-settings=\"{&quot;_animation_mobile&quot;:&quot;fadeInUp&quot;,&quot;_animation&quot;:&quot;none&quot;}\" data-widget_type=\"toggle.default\">\n\t\t\t\t<div class=\"elementor-widget-container\">\n\t\t\t\t\t\t\t<div class=\"elementor-toggle\">\n\t\t\t\t\t\t\t<div class=\"elementor-toggle-item\">\n\t\t\t\t\t<div id=\"elementor-tab-title-6461\" class=\"elementor-tab-title\" data-tab=\"1\" role=\"button\" aria-controls=\"elementor-tab-content-6461\" aria-expanded=\"false\">\n\t\t\t\t\t\t\t\t\t\t\t\t<span class=\"elementor-toggle-icon elementor-toggle-icon-left\" aria-hidden=\"true\">\n\t\t\t\t\t\t\t\t\t\t\t\t\t\t\t<span class=\"elementor-toggle-icon-closed\"><i class=\"fas fa-caret-right\"><\/i><\/span>\n\t\t\t\t\t\t\t\t<span class=\"elementor-toggle-icon-opened\"><i class=\"elementor-toggle-icon-opened fas fa-caret-up\"><\/i><\/span>\n\t\t\t\t\t\t\t\t\t\t\t\t\t<\/span>\n\t\t\t\t\t\t\t\t\t\t\t\t<a class=\"elementor-toggle-title\" tabindex=\"0\">Llegir Protecci\u00f3 de Dades RGPDUE 2016\/679 \u2013 LOPDGDD 3\/2018<\/a>\n\t\t\t\t\t<\/div>\n\n\t\t\t\t\t<div id=\"elementor-tab-content-6461\" class=\"elementor-tab-content elementor-clearfix\" data-tab=\"1\" role=\"region\" aria-labelledby=\"elementor-tab-title-6461\"><p><strong>PUBLICIDAD<\/strong>: En cumplimiento de lo previsto en el art\u00edculo 21 de la Ley 34\/2002 de Servicios de la Sociedad de la Informaci\u00f3n y Comercio Electr\u00f3nico (LSSI), solicitamos su consentimiento para la suscripci\u00f3n y env\u00edo de nuestra Newsletter.<\/p>\n<p><strong>Fines y legitimaci\u00f3n del tratamiento: <\/strong>env\u00edo de comunicaciones de productos o servicios a trav\u00e9s del Bolet\u00edn de Noticias al que se ha suscrito (con el consentimiento del interesado, art. 6.1.a GDPR).<\/p>\n<p><strong>Criterios de conservaci\u00f3n de los datos: <\/strong>se conservar\u00e1n durante no m\u00e1s tiempo del necesario para mantener el fin del tratamiento o mientras existan prescripciones legales que dictaminen su custodia y cuando ya no sea necesario para ello, se suprimir\u00e1n con medidas de seguridad adecuadas para garantizar la anonimizaci\u00f3n de los datos o la destrucci\u00f3n total de los mismos.<\/p>\n<p><strong> <\/strong><strong>Comunicaci\u00f3n de los datos: <\/strong>no se comunicar\u00e1n los datos a terceros, salvo obligaci\u00f3n legal.<\/p>\n<p><strong> <\/strong><strong>Derechos que asisten al Interesado: <\/strong>Derecho a retirar el consentimiento en cualquier momento. Derecho de acceso, rectificaci\u00f3n, portabilidad y supresi\u00f3n de sus datos, y de limitaci\u00f3n u oposici\u00f3n a su tratamiento. Derecho a presentar una reclamaci\u00f3n ante la Autoridad de control (www.aepd.es) si considera que el tratamiento no se ajusta a la normativa vigente.<\/p>\n<\/div>\n\t\t\t\t<\/div>\n\t\t\t\t\t\t\t\t<\/div>\n\t\t\t\t\t\t<\/div>\n\t\t\t\t<\/div>\n\t\t\t\t\t<\/div>\n\t\t<\/div>\n\t\t\t\t<div class=\"elementor-column elementor-col-50 elementor-inner-column elementor-element elementor-element-042e717 elementor-hidden-tablet elementor-hidden-mobile\" data-id=\"042e717\" data-element_type=\"column\" data-e-type=\"column\">\n\t\t\t<div class=\"elementor-widget-wrap\">\n\t\t\t\t\t\t\t<\/div>\n\t\t<\/div>\n\t\t\t\t\t<\/div>\n\t\t<\/section>\n\t\t\t\t\t<\/div>\n\t\t<\/div>\n\t\t\t\t\t<\/div>\n\t\t<\/section>\n\t\t\t\t<\/div>\n\t\t","protected":false},"excerpt":{"rendered":"<p>Tens dubtes? Contacta amb nosaltres i en parlem en privat. Recursos Truca&#8217;ns 977 32 09 58 Recursos Escriu-nos virginia@penyaadvocats.com Recursos Visita&#8217;ns Avenida Mari\u00e0 Fortuny 83, 2\u00ba 1\u00aa 43203 &#8211; Reus (Tarragona) Explica&#8217;ns el teu cas Llegir Protecci\u00f3 de Dades RGPDUE 2016\/679 \u2013 LOPDGDD 3\/2018 PUBLICIDAD: En cumplimiento de lo previsto en el art\u00edculo 21 de [&hellip;]<\/p>\n","protected":false},"author":1,"featured_media":0,"parent":0,"menu_order":0,"comment_status":"closed","ping_status":"closed","template":"","meta":{"inline_featured_image":false,"footnotes":""},"class_list":["post-2868","page","type-page","status-publish","hentry"],"_links":{"self":[{"href":"https:\/\/www.penyaadvocats.com\/ca\/wp-json\/wp\/v2\/pages\/2868","targetHints":{"allow":["GET"]}}],"collection":[{"href":"https:\/\/www.penyaadvocats.com\/ca\/wp-json\/wp\/v2\/pages"}],"about":[{"href":"https:\/\/www.penyaadvocats.com\/ca\/wp-json\/wp\/v2\/types\/page"}],"author":[{"embeddable":true,"href":"https:\/\/www.penyaadvocats.com\/ca\/wp-json\/wp\/v2\/users\/1"}],"replies":[{"embeddable":true,"href":"https:\/\/www.penyaadvocats.com\/ca\/wp-json\/wp\/v2\/comments?post=2868"}],"version-history":[{"count":3,"href":"https:\/\/www.penyaadvocats.com\/ca\/wp-json\/wp\/v2\/pages\/2868\/revisions"}],"predecessor-version":[{"id":2871,"href":"https:\/\/www.penyaadvocats.com\/ca\/wp-json\/wp\/v2\/pages\/2868\/revisions\/2871"}],"wp:attachment":[{"href":"https:\/\/www.penyaadvocats.com\/ca\/wp-json\/wp\/v2\/media?parent=2868"}],"curies":[{"name":"wp","href":"https:\/\/api.w.org\/{rel}","templated":true}]}}