{"id":2784,"date":"2023-10-25T14:36:55","date_gmt":"2023-10-25T14:36:55","guid":{"rendered":"https:\/\/www.penyaadvocats.com\/dret-mercantil\/"},"modified":"2023-11-27T12:14:18","modified_gmt":"2023-11-27T12:14:18","slug":"dret-mercantil","status":"publish","type":"page","link":"https:\/\/www.penyaadvocats.com\/ca\/dret-mercantil\/","title":{"rendered":"Dret mercantil"},"content":{"rendered":"\t\t<div data-elementor-type=\"wp-page\" data-elementor-id=\"2784\" class=\"elementor elementor-2784 elementor-480\" data-elementor-post-type=\"page\">\n\t\t\t\t\t\t<section class=\"elementor-section elementor-top-section elementor-element elementor-element-a8967a6 elementor-section-full_width elementor-section-height-default elementor-section-height-default\" data-id=\"a8967a6\" data-element_type=\"section\" data-e-type=\"section\" id=\"heroservicios\" data-settings=\"{&quot;background_background&quot;:&quot;classic&quot;}\">\n\t\t\t\t\t\t<div class=\"elementor-container elementor-column-gap-default\">\n\t\t\t\t\t<div class=\"elementor-column elementor-col-100 elementor-top-column elementor-element elementor-element-dd53ee5\" data-id=\"dd53ee5\" data-element_type=\"column\" data-e-type=\"column\">\n\t\t\t<div class=\"elementor-widget-wrap elementor-element-populated\">\n\t\t\t\t\t\t<section class=\"elementor-section elementor-inner-section elementor-element elementor-element-3754648 elementor-section-full_width elementor-section-height-min-height elementor-section-content-middle elementor-section-height-default\" data-id=\"3754648\" data-element_type=\"section\" data-e-type=\"section\" data-settings=\"{&quot;background_background&quot;:&quot;classic&quot;}\">\n\t\t\t\t\t\t<div class=\"elementor-container elementor-column-gap-default\">\n\t\t\t\t\t<div class=\"elementor-column elementor-col-100 elementor-inner-column elementor-element elementor-element-41b37b5\" data-id=\"41b37b5\" data-element_type=\"column\" data-e-type=\"column\">\n\t\t\t<div class=\"elementor-widget-wrap elementor-element-populated\">\n\t\t\t\t\t\t<div class=\"elementor-element elementor-element-d8aaa95 elementor-widget elementor-widget-heading\" data-id=\"d8aaa95\" data-element_type=\"widget\" data-e-type=\"widget\" data-widget_type=\"heading.default\">\n\t\t\t\t<div class=\"elementor-widget-container\">\n\t\t\t\t\t<span class=\"elementor-heading-title elementor-size-default\">Dret mercantil<\/span>\t\t\t\t<\/div>\n\t\t\t\t<\/div>\n\t\t\t\t<div class=\"elementor-element elementor-element-c7476eb elementor-widget elementor-widget-heading\" data-id=\"c7476eb\" data-element_type=\"widget\" data-e-type=\"widget\" data-widget_type=\"heading.default\">\n\t\t\t\t<div class=\"elementor-widget-container\">\n\t\t\t\t\t<h1 class=\"elementor-heading-title elementor-size-default\">Advocat Mercantil a Tarragona i Reus<\/h1>\t\t\t\t<\/div>\n\t\t\t\t<\/div>\n\t\t\t\t\t<\/div>\n\t\t<\/div>\n\t\t\t\t\t<\/div>\n\t\t<\/section>\n\t\t\t\t<section class=\"elementor-section elementor-inner-section elementor-element elementor-element-f58b51d elementor-section-boxed elementor-section-height-default elementor-section-height-default\" data-id=\"f58b51d\" data-element_type=\"section\" data-e-type=\"section\" data-settings=\"{&quot;background_background&quot;:&quot;classic&quot;}\">\n\t\t\t\t\t\t<div class=\"elementor-container elementor-column-gap-default\">\n\t\t\t\t\t<div class=\"elementor-column elementor-col-100 elementor-inner-column elementor-element elementor-element-a919a93\" data-id=\"a919a93\" data-element_type=\"column\" data-e-type=\"column\">\n\t\t\t<div class=\"elementor-widget-wrap elementor-element-populated\">\n\t\t\t\t\t\t<div class=\"elementor-element elementor-element-fd17154 elementor-widget elementor-widget-text-editor\" data-id=\"fd17154\" data-element_type=\"widget\" data-e-type=\"widget\" data-widget_type=\"text-editor.default\">\n\t\t\t\t<div class=\"elementor-widget-container\">\n\t\t\t\t\t\t\t\t\t<p>El dret mercantil regula les relacions comercials i les activitats generades entre clients i empreses. Tots estem directament o indirectament relacionats amb alguna activitat comercial, de manera que \u00e9s important complir amb els nostres drets i obligacions per tal d\u2019evitar possibles problemes.<\/p>\n\t\t\t\t\t\t\t\t<\/div>\n\t\t\t\t<\/div>\n\t\t\t\t\t<\/div>\n\t\t<\/div>\n\t\t\t\t\t<\/div>\n\t\t<\/section>\n\t\t\t\t<section class=\"elementor-section elementor-inner-section elementor-element elementor-element-d0532b0 elementor-section-full_width elementor-section-height-default elementor-section-height-default\" data-id=\"d0532b0\" data-element_type=\"section\" data-e-type=\"section\" data-settings=\"{&quot;background_background&quot;:&quot;classic&quot;}\">\n\t\t\t\t\t\t<div class=\"elementor-container elementor-column-gap-default\">\n\t\t\t\t\t<div class=\"elementor-column elementor-col-50 elementor-inner-column elementor-element elementor-element-06b6445 elementor-hidden-mobile col1 elementor-hidden-tablet\" data-id=\"06b6445\" data-element_type=\"column\" data-e-type=\"column\" data-settings=\"{&quot;background_background&quot;:&quot;classic&quot;}\">\n\t\t\t<div class=\"elementor-widget-wrap elementor-element-populated\">\n\t\t\t\t\t\t<div class=\"elementor-element elementor-element-ec87167 elementor-widget elementor-widget-heading\" data-id=\"ec87167\" data-element_type=\"widget\" data-e-type=\"widget\" data-widget_type=\"heading.default\">\n\t\t\t\t<div class=\"elementor-widget-container\">\n\t\t\t\t\t<h2 class=\"elementor-heading-title elementor-size-default\">Com <br>et podem <br>ajudar?<\/h2>\t\t\t\t<\/div>\n\t\t\t\t<\/div>\n\t\t\t\t\t<\/div>\n\t\t<\/div>\n\t\t\t\t<div class=\"elementor-column elementor-col-50 elementor-inner-column elementor-element elementor-element-76137b3 col2\" data-id=\"76137b3\" data-element_type=\"column\" data-e-type=\"column\" data-settings=\"{&quot;background_background&quot;:&quot;classic&quot;}\">\n\t\t\t<div class=\"elementor-widget-wrap elementor-element-populated\">\n\t\t\t\t\t\t<div class=\"elementor-element elementor-element-762287d elementor-hidden-desktop elementor-hidden-laptop elementor-widget elementor-widget-heading\" data-id=\"762287d\" data-element_type=\"widget\" data-e-type=\"widget\" data-widget_type=\"heading.default\">\n\t\t\t\t<div class=\"elementor-widget-container\">\n\t\t\t\t\t<span class=\"elementor-heading-title elementor-size-default\">Com et podem ajudar?<\/span>\t\t\t\t<\/div>\n\t\t\t\t<\/div>\n\t\t\t\t<div class=\"elementor-element elementor-element-793baef elementor-widget elementor-widget-text-editor\" data-id=\"793baef\" data-element_type=\"widget\" data-e-type=\"widget\" data-widget_type=\"text-editor.default\">\n\t\t\t\t<div class=\"elementor-widget-container\">\n\t\t\t\t\t\t\t\t\t<p>A Virginia Pe\u00f1a Advocats creiem que tota relaci\u00f3 comercial s\u2019ha de fer sota unes normes clares. I m\u00e9s en un m\u00f3n globalitzat com aquest en el qual vivim.<\/p>\n<p>Per aix\u00f2 t\u2019ajudem a tu, siguis client o empresa, a protegir les teves transaccions comercials i els teus b\u00e9ns econ\u00f2mics.<\/p>\n\t\t\t\t\t\t\t\t<\/div>\n\t\t\t\t<\/div>\n\t\t\t\t<div class=\"elementor-element elementor-element-62fa80d elementor-widget elementor-widget-html\" data-id=\"62fa80d\" data-element_type=\"widget\" data-e-type=\"widget\" data-widget_type=\"html.default\">\n\t\t\t\t<div class=\"elementor-widget-container\">\n\t\t\t\t\t<section class=\"cardsStackableCustom\">\n        <!-- card -->\n        <div class=\"card\">\n            <h3 class=\"title\">Constituci\u00f3 i dissoluci\u00f3 de societats<\/h3>\n\n            <div class=\"content\">\n                <p>Ens assegurem que compleixes amb els requisits i els procediments legals a l\u2019hora de constituir o dissoldre una societat mercantil.<\/p>\n            <\/div>\n        <\/div>\n\n        <!-- card -->\n        <div class=\"card\">\n            <h3 class=\"title\">Fusions i escissions societ\u00e0ries<\/h3>\n\n            <div class=\"content\">\n                <p>Gestionem qualsevol operaci\u00f3 de reestructuraci\u00f3 de la teva societat per garantir la continu\u00eftat de les seves operacions.<\/p>\n            <\/div>\n        <\/div>\n\n        <!-- card -->\n        <div class=\"card\">\n            <h3 class=\"title\">Modificaci\u00f3 d\u2019estatuts<\/h3>\n\n            <div class=\"content\">\n                <p>Redactem cl\u00e0usules estatut\u00e0ries especials i acords societaris, o modifiquem els estatuts de la teva societat i els inscrivim al registre.<\/p>\n            <\/div>\n        <\/div>\n\n        <!-- card -->\n        <div class=\"card\">\n            <h3 class=\"title\">Conflictes entre socis<\/h3>\n\n            <div class=\"content\">\n                <p>Solucionem conflictes entre socis, sigui a trav\u00e9s de la creaci\u00f3 de divisions, de la compravenda d\u2019accions o qualsevol altre tipus d\u2019acord.<\/p>\n            <\/div>\n        <\/div>\n\n        <!-- card -->\n        <div class=\"card\">\n            <h3 class=\"title\">Obligacions societ\u00e0ries peri\u00f2diques.<\/h3>\n\n            <div class=\"content\">\n                <p>T\u2019assessorem perqu\u00e8 la teva societat compleixi amb les seves obligacions registrals, comptables i fiscals.<\/p>\n            <\/div>\n        <\/div>\n\n        <!-- card -->\n        <div class=\"card\">\n            <h3 class=\"title\">Contractaci\u00f3 mercantil<\/h3>\n\n            <div class=\"content\">\n                <p>Gestionem contractes de prestaci\u00f3 de serveis, de col\u00b7laboraci\u00f3, de canvi, de pr\u00e9stec i cr\u00e8dit, etc.<\/p>\n            <\/div>\n        <\/div>\n    <\/section>\t\t\t\t<\/div>\n\t\t\t\t<\/div>\n\t\t\t\t\t<\/div>\n\t\t<\/div>\n\t\t\t\t\t<\/div>\n\t\t<\/section>\n\t\t\t\t\t<\/div>\n\t\t<\/div>\n\t\t\t\t\t<\/div>\n\t\t<\/section>\n\t\t\t\t<section class=\"elementor-section elementor-top-section elementor-element elementor-element-fbd9d8c elementor-section-boxed elementor-section-height-default elementor-section-height-default\" data-id=\"fbd9d8c\" data-element_type=\"section\" data-e-type=\"section\" data-settings=\"{&quot;background_background&quot;:&quot;classic&quot;,&quot;sticky_on&quot;:[&quot;desktop&quot;,&quot;laptop&quot;],&quot;sticky_offset&quot;:127,&quot;sticky_effects_offset&quot;:150,&quot;sticky&quot;:&quot;top&quot;,&quot;sticky_anchor_link_offset&quot;:0}\">\n\t\t\t\t\t\t<div class=\"elementor-container elementor-column-gap-default\">\n\t\t\t\t\t<div class=\"elementor-column elementor-col-50 elementor-top-column elementor-element elementor-element-6de93ad\" data-id=\"6de93ad\" data-element_type=\"column\" data-e-type=\"column\">\n\t\t\t<div class=\"elementor-widget-wrap elementor-element-populated\">\n\t\t\t\t\t\t<div class=\"elementor-element elementor-element-5c39bf9 elementor-widget elementor-widget-heading\" data-id=\"5c39bf9\" data-element_type=\"widget\" data-e-type=\"widget\" data-widget_type=\"heading.default\">\n\t\t\t\t<div class=\"elementor-widget-container\">\n\t\t\t\t\t<span class=\"elementor-heading-title elementor-size-default\">Et deus <br>estar preguntant...<\/span>\t\t\t\t<\/div>\n\t\t\t\t<\/div>\n\t\t\t\t<div class=\"elementor-element elementor-element-76107c4 elementor-widget elementor-widget-heading\" data-id=\"76107c4\" data-element_type=\"widget\" data-e-type=\"widget\" data-widget_type=\"heading.default\">\n\t\t\t\t<div class=\"elementor-widget-container\">\n\t\t\t\t\t<h2 class=\"elementor-heading-title elementor-size-default\">Advocat Mercantil a Tarragona i Reus<\/h2>\t\t\t\t<\/div>\n\t\t\t\t<\/div>\n\t\t\t\t\t<\/div>\n\t\t<\/div>\n\t\t\t\t<div class=\"elementor-column elementor-col-50 elementor-top-column elementor-element elementor-element-b431890\" data-id=\"b431890\" data-element_type=\"column\" data-e-type=\"column\">\n\t\t\t<div class=\"elementor-widget-wrap elementor-element-populated\">\n\t\t\t\t\t\t<div class=\"elementor-element elementor-element-d6d80a7 elementor-widget elementor-widget-accordion\" data-id=\"d6d80a7\" data-element_type=\"widget\" data-e-type=\"widget\" data-widget_type=\"accordion.default\">\n\t\t\t\t<div class=\"elementor-widget-container\">\n\t\t\t\t\t\t\t<div class=\"elementor-accordion\">\n\t\t\t\t\t\t\t<div class=\"elementor-accordion-item\">\n\t\t\t\t\t<h3 id=\"elementor-tab-title-2251\" class=\"elementor-tab-title\" data-tab=\"1\" role=\"button\" aria-controls=\"elementor-tab-content-2251\" aria-expanded=\"false\">\n\t\t\t\t\t\t\t\t\t\t\t\t\t<span class=\"elementor-accordion-icon elementor-accordion-icon-right\" aria-hidden=\"true\">\n\t\t\t\t\t\t\t\t\t\t\t\t\t\t\t<span class=\"elementor-accordion-icon-closed\"><svg xmlns=\"http:\/\/www.w3.org\/2000\/svg\" width=\"22\" height=\"22\" viewBox=\"0 0 22 22\" fill=\"none\"><g clip-path=\"url(#clip0_233_7)\"><path d=\"M21.3 10.9502H0.599976\" stroke=\"white\" stroke-width=\"1.2\" stroke-linecap=\"round\" stroke-linejoin=\"round\"><\/path><path d=\"M10.95 21.3001V0.600098\" stroke=\"white\" stroke-width=\"1.2\" stroke-linecap=\"round\" stroke-linejoin=\"round\"><\/path><\/g><defs><clipPath id=\"clip0_233_7\"><rect width=\"21.9\" height=\"21.9\" fill=\"white\"><\/rect><\/clipPath><\/defs><\/svg><\/span>\n\t\t\t\t\t\t\t\t<span class=\"elementor-accordion-icon-opened\"><svg xmlns=\"http:\/\/www.w3.org\/2000\/svg\" viewBox=\"0 0 15.84 15.84\"><defs><style>.cls-1{fill:#fff;stroke:#1c396c;stroke-linecap:round;stroke-linejoin:round;stroke-width:1.2px;}<\/style><\/defs><g id=\"Capa_2\" data-name=\"Capa 2\"><g id=\"Capa_1-2\" data-name=\"Capa 1\"><line class=\"cls-1\" x1=\"15.24\" y1=\"15.24\" x2=\"0.6\" y2=\"0.6\"><\/line><line class=\"cls-1\" x1=\"0.6\" y1=\"15.24\" x2=\"15.24\" y2=\"0.6\"><\/line><\/g><\/g><\/svg><\/span>\n\t\t\t\t\t\t\t\t\t\t\t\t\t\t<\/span>\n\t\t\t\t\t\t\t\t\t\t\t\t<a class=\"elementor-accordion-title\" tabindex=\"0\">Qu\u00e8 puc fer en cas de conflicte amb el meu soci? <\/a>\n\t\t\t\t\t<\/h3>\n\t\t\t\t\t<div id=\"elementor-tab-content-2251\" class=\"elementor-tab-content elementor-clearfix\" data-tab=\"1\" role=\"region\" aria-labelledby=\"elementor-tab-title-2251\"><p>El preferible \u00e9s que hi hagi un pacte entre socis en qu\u00e8 quedi tot clar i no s\u2019arribi a una situaci\u00f3 de conflicte. Si aix\u00f2 no passa i sorgeix un conflicte, el millor \u00e9s comptar amb l\u2019ajuda d\u2019un advocat mercantil que assessori durant tot el proc\u00e9s de mediaci\u00f3. L\u2019advocat pot aportar perspectives neutrals que permetin arribar a un acord, ja que no \u00e9s part implicada en el conflicte.<\/p>\n<\/div>\n\t\t\t\t<\/div>\n\t\t\t\t\t\t\t<div class=\"elementor-accordion-item\">\n\t\t\t\t\t<h3 id=\"elementor-tab-title-2252\" class=\"elementor-tab-title\" data-tab=\"2\" role=\"button\" aria-controls=\"elementor-tab-content-2252\" aria-expanded=\"false\">\n\t\t\t\t\t\t\t\t\t\t\t\t\t<span class=\"elementor-accordion-icon elementor-accordion-icon-right\" aria-hidden=\"true\">\n\t\t\t\t\t\t\t\t\t\t\t\t\t\t\t<span class=\"elementor-accordion-icon-closed\"><svg xmlns=\"http:\/\/www.w3.org\/2000\/svg\" width=\"22\" height=\"22\" viewBox=\"0 0 22 22\" fill=\"none\"><g clip-path=\"url(#clip0_233_7)\"><path d=\"M21.3 10.9502H0.599976\" stroke=\"white\" stroke-width=\"1.2\" stroke-linecap=\"round\" stroke-linejoin=\"round\"><\/path><path d=\"M10.95 21.3001V0.600098\" stroke=\"white\" stroke-width=\"1.2\" stroke-linecap=\"round\" stroke-linejoin=\"round\"><\/path><\/g><defs><clipPath id=\"clip0_233_7\"><rect width=\"21.9\" height=\"21.9\" fill=\"white\"><\/rect><\/clipPath><\/defs><\/svg><\/span>\n\t\t\t\t\t\t\t\t<span class=\"elementor-accordion-icon-opened\"><svg xmlns=\"http:\/\/www.w3.org\/2000\/svg\" viewBox=\"0 0 15.84 15.84\"><defs><style>.cls-1{fill:#fff;stroke:#1c396c;stroke-linecap:round;stroke-linejoin:round;stroke-width:1.2px;}<\/style><\/defs><g id=\"Capa_2\" data-name=\"Capa 2\"><g id=\"Capa_1-2\" data-name=\"Capa 1\"><line class=\"cls-1\" x1=\"15.24\" y1=\"15.24\" x2=\"0.6\" y2=\"0.6\"><\/line><line class=\"cls-1\" x1=\"0.6\" y1=\"15.24\" x2=\"15.24\" y2=\"0.6\"><\/line><\/g><\/g><\/svg><\/span>\n\t\t\t\t\t\t\t\t\t\t\t\t\t\t<\/span>\n\t\t\t\t\t\t\t\t\t\t\t\t<a class=\"elementor-accordion-title\" tabindex=\"0\">Quins requisits he de complir per crear una societat? <\/a>\n\t\t\t\t\t<\/h3>\n\t\t\t\t\t<div id=\"elementor-tab-content-2252\" class=\"elementor-tab-content elementor-clearfix\" data-tab=\"2\" role=\"region\" aria-labelledby=\"elementor-tab-title-2252\"><p>Dep\u00e8n del tipus de societat que tinguis pensat crear. El proc\u00e9s implica l\u2019obtenci\u00f3 de certificats, l\u2019obertura de comptes bancaris, la redacci\u00f3 d\u2019estatuts, registres, designacions, etc. Per complir amb la legalitat i evitar complicacions futures, el millor \u00e9s comptar amb un advocat especialista en dret mercantil que supervisi i t\u2019assessori en tot el proc\u00e9s burocr\u00e0tic.<\/p>\n<\/div>\n\t\t\t\t<\/div>\n\t\t\t\t\t\t\t<div class=\"elementor-accordion-item\">\n\t\t\t\t\t<h3 id=\"elementor-tab-title-2253\" class=\"elementor-tab-title\" data-tab=\"3\" role=\"button\" aria-controls=\"elementor-tab-content-2253\" aria-expanded=\"false\">\n\t\t\t\t\t\t\t\t\t\t\t\t\t<span class=\"elementor-accordion-icon elementor-accordion-icon-right\" aria-hidden=\"true\">\n\t\t\t\t\t\t\t\t\t\t\t\t\t\t\t<span class=\"elementor-accordion-icon-closed\"><svg xmlns=\"http:\/\/www.w3.org\/2000\/svg\" width=\"22\" height=\"22\" viewBox=\"0 0 22 22\" fill=\"none\"><g clip-path=\"url(#clip0_233_7)\"><path d=\"M21.3 10.9502H0.599976\" stroke=\"white\" stroke-width=\"1.2\" stroke-linecap=\"round\" stroke-linejoin=\"round\"><\/path><path d=\"M10.95 21.3001V0.600098\" stroke=\"white\" stroke-width=\"1.2\" stroke-linecap=\"round\" stroke-linejoin=\"round\"><\/path><\/g><defs><clipPath id=\"clip0_233_7\"><rect width=\"21.9\" height=\"21.9\" fill=\"white\"><\/rect><\/clipPath><\/defs><\/svg><\/span>\n\t\t\t\t\t\t\t\t<span class=\"elementor-accordion-icon-opened\"><svg xmlns=\"http:\/\/www.w3.org\/2000\/svg\" viewBox=\"0 0 15.84 15.84\"><defs><style>.cls-1{fill:#fff;stroke:#1c396c;stroke-linecap:round;stroke-linejoin:round;stroke-width:1.2px;}<\/style><\/defs><g id=\"Capa_2\" data-name=\"Capa 2\"><g id=\"Capa_1-2\" data-name=\"Capa 1\"><line class=\"cls-1\" x1=\"15.24\" y1=\"15.24\" x2=\"0.6\" y2=\"0.6\"><\/line><line class=\"cls-1\" x1=\"0.6\" y1=\"15.24\" x2=\"15.24\" y2=\"0.6\"><\/line><\/g><\/g><\/svg><\/span>\n\t\t\t\t\t\t\t\t\t\t\t\t\t\t<\/span>\n\t\t\t\t\t\t\t\t\t\t\t\t<a class=\"elementor-accordion-title\" tabindex=\"0\">Com es dissol una societat amb deutes? <\/a>\n\t\t\t\t\t<\/h3>\n\t\t\t\t\t<div id=\"elementor-tab-content-2253\" class=\"elementor-tab-content elementor-clearfix\" data-tab=\"3\" role=\"region\" aria-labelledby=\"elementor-tab-title-2253\"><p>Hi ha diverses maneres de dissoldre una societat amb deutes. El m\u00e9s senzill \u00e9s procedir al pagament dels deutes (mitjan\u00e7ant un pr\u00e9stec, per exemple) i, un cop presentats els comptes saldats, procedir a la dissoluci\u00f3. En cas que aquesta opci\u00f3 resulti impossible, l\u2019opci\u00f3 menys traum\u00e0tica sol ser un concurs de creditors.<\/p>\n<\/div>\n\t\t\t\t<\/div>\n\t\t\t\t\t\t\t<div class=\"elementor-accordion-item\">\n\t\t\t\t\t<h3 id=\"elementor-tab-title-2254\" class=\"elementor-tab-title\" data-tab=\"4\" role=\"button\" aria-controls=\"elementor-tab-content-2254\" aria-expanded=\"false\">\n\t\t\t\t\t\t\t\t\t\t\t\t\t<span class=\"elementor-accordion-icon elementor-accordion-icon-right\" aria-hidden=\"true\">\n\t\t\t\t\t\t\t\t\t\t\t\t\t\t\t<span class=\"elementor-accordion-icon-closed\"><svg xmlns=\"http:\/\/www.w3.org\/2000\/svg\" width=\"22\" height=\"22\" viewBox=\"0 0 22 22\" fill=\"none\"><g clip-path=\"url(#clip0_233_7)\"><path d=\"M21.3 10.9502H0.599976\" stroke=\"white\" stroke-width=\"1.2\" stroke-linecap=\"round\" stroke-linejoin=\"round\"><\/path><path d=\"M10.95 21.3001V0.600098\" stroke=\"white\" stroke-width=\"1.2\" stroke-linecap=\"round\" stroke-linejoin=\"round\"><\/path><\/g><defs><clipPath id=\"clip0_233_7\"><rect width=\"21.9\" height=\"21.9\" fill=\"white\"><\/rect><\/clipPath><\/defs><\/svg><\/span>\n\t\t\t\t\t\t\t\t<span class=\"elementor-accordion-icon-opened\"><svg xmlns=\"http:\/\/www.w3.org\/2000\/svg\" viewBox=\"0 0 15.84 15.84\"><defs><style>.cls-1{fill:#fff;stroke:#1c396c;stroke-linecap:round;stroke-linejoin:round;stroke-width:1.2px;}<\/style><\/defs><g id=\"Capa_2\" data-name=\"Capa 2\"><g id=\"Capa_1-2\" data-name=\"Capa 1\"><line class=\"cls-1\" x1=\"15.24\" y1=\"15.24\" x2=\"0.6\" y2=\"0.6\"><\/line><line class=\"cls-1\" x1=\"0.6\" y1=\"15.24\" x2=\"15.24\" y2=\"0.6\"><\/line><\/g><\/g><\/svg><\/span>\n\t\t\t\t\t\t\t\t\t\t\t\t\t\t<\/span>\n\t\t\t\t\t\t\t\t\t\t\t\t<a class=\"elementor-accordion-title\" tabindex=\"0\">Quina difer\u00e8ncia hi ha entre un fals aut\u00f2nom i un prestador de serveis? <\/a>\n\t\t\t\t\t<\/h3>\n\t\t\t\t\t<div id=\"elementor-tab-content-2254\" class=\"elementor-tab-content elementor-clearfix\" data-tab=\"4\" role=\"region\" aria-labelledby=\"elementor-tab-title-2254\"><p>La principal difer\u00e8ncia \u00e9s el tipus de relaci\u00f3 que el treballador t\u00e9 amb la societat. Un fals aut\u00f2nom dep\u00e8n de les directrius de la societat, utilitza els seus mitjans de producci\u00f3 i actua com si form\u00e9s part de la plantilla de l\u2019empresa. En canvi, un prestador de serveis actua per compte d\u2019altri i compta amb els seus propis mitjans de producci\u00f3, independentment del tipus de servei que presti a l\u2019empresa.<\/p>\n<\/div>\n\t\t\t\t<\/div>\n\t\t\t\t\t\t\t\t\t\t<script type=\"application\/ld+json\">{\"@context\":\"https:\\\/\\\/schema.org\",\"@type\":\"FAQPage\",\"mainEntity\":[{\"@type\":\"Question\",\"name\":\"Qu\\u00e8 puc fer en cas de conflicte amb el meu soci?\",\"acceptedAnswer\":{\"@type\":\"Answer\",\"text\":\"<p>El preferible \\u00e9s que hi hagi un pacte entre socis en qu\\u00e8 quedi tot clar i no s\\u2019arribi a una situaci\\u00f3 de conflicte. Si aix\\u00f2 no passa i sorgeix un conflicte, el millor \\u00e9s comptar amb l\\u2019ajuda d\\u2019un advocat mercantil que assessori durant tot el proc\\u00e9s de mediaci\\u00f3. L\\u2019advocat pot aportar perspectives neutrals que permetin arribar a un acord, ja que no \\u00e9s part implicada en el conflicte.<\\\/p>\\n\"}},{\"@type\":\"Question\",\"name\":\"Quins requisits he de complir per crear una societat?\",\"acceptedAnswer\":{\"@type\":\"Answer\",\"text\":\"<p>Dep\\u00e8n del tipus de societat que tinguis pensat crear. El proc\\u00e9s implica l\\u2019obtenci\\u00f3 de certificats, l\\u2019obertura de comptes bancaris, la redacci\\u00f3 d\\u2019estatuts, registres, designacions, etc. Per complir amb la legalitat i evitar complicacions futures, el millor \\u00e9s comptar amb un advocat especialista en dret mercantil que supervisi i t\\u2019assessori en tot el proc\\u00e9s burocr\\u00e0tic.<\\\/p>\\n\"}},{\"@type\":\"Question\",\"name\":\"Com es dissol una societat amb deutes?\",\"acceptedAnswer\":{\"@type\":\"Answer\",\"text\":\"<p>Hi ha diverses maneres de dissoldre una societat amb deutes. El m\\u00e9s senzill \\u00e9s procedir al pagament dels deutes (mitjan\\u00e7ant un pr\\u00e9stec, per exemple) i, un cop presentats els comptes saldats, procedir a la dissoluci\\u00f3. En cas que aquesta opci\\u00f3 resulti impossible, l\\u2019opci\\u00f3 menys traum\\u00e0tica sol ser un concurs de creditors.<\\\/p>\\n\"}},{\"@type\":\"Question\",\"name\":\"Quina difer\\u00e8ncia hi ha entre un fals aut\\u00f2nom i un prestador de serveis?\",\"acceptedAnswer\":{\"@type\":\"Answer\",\"text\":\"<p>La principal difer\\u00e8ncia \\u00e9s el tipus de relaci\\u00f3 que el treballador t\\u00e9 amb la societat. Un fals aut\\u00f2nom dep\\u00e8n de les directrius de la societat, utilitza els seus mitjans de producci\\u00f3 i actua com si form\\u00e9s part de la plantilla de l\\u2019empresa. En canvi, un prestador de serveis actua per compte d\\u2019altri i compta amb els seus propis mitjans de producci\\u00f3, independentment del tipus de servei que presti a l\\u2019empresa.<\\\/p>\\n\"}}]}<\/script>\n\t\t\t\t\t<\/div>\n\t\t\t\t\t\t<\/div>\n\t\t\t\t<\/div>\n\t\t\t\t\t<\/div>\n\t\t<\/div>\n\t\t\t\t\t<\/div>\n\t\t<\/section>\n\t\t\t\t<\/div>\n\t\t","protected":false},"excerpt":{"rendered":"<p>Dret mercantil Advocat Mercantil a Tarragona i Reus El dret mercantil regula les relacions comercials i les activitats generades entre clients i empreses. Tots estem directament o indirectament relacionats amb alguna activitat comercial, de manera que \u00e9s important complir amb els nostres drets i obligacions per tal d\u2019evitar possibles problemes. Com et podem ajudar? Com [&hellip;]<\/p>\n","protected":false},"author":1,"featured_media":0,"parent":0,"menu_order":0,"comment_status":"closed","ping_status":"closed","template":"","meta":{"inline_featured_image":false,"footnotes":""},"class_list":["post-2784","page","type-page","status-publish","hentry"],"_links":{"self":[{"href":"https:\/\/www.penyaadvocats.com\/ca\/wp-json\/wp\/v2\/pages\/2784","targetHints":{"allow":["GET"]}}],"collection":[{"href":"https:\/\/www.penyaadvocats.com\/ca\/wp-json\/wp\/v2\/pages"}],"about":[{"href":"https:\/\/www.penyaadvocats.com\/ca\/wp-json\/wp\/v2\/types\/page"}],"author":[{"embeddable":true,"href":"https:\/\/www.penyaadvocats.com\/ca\/wp-json\/wp\/v2\/users\/1"}],"replies":[{"embeddable":true,"href":"https:\/\/www.penyaadvocats.com\/ca\/wp-json\/wp\/v2\/comments?post=2784"}],"version-history":[{"count":1,"href":"https:\/\/www.penyaadvocats.com\/ca\/wp-json\/wp\/v2\/pages\/2784\/revisions"}],"predecessor-version":[{"id":2785,"href":"https:\/\/www.penyaadvocats.com\/ca\/wp-json\/wp\/v2\/pages\/2784\/revisions\/2785"}],"wp:attachment":[{"href":"https:\/\/www.penyaadvocats.com\/ca\/wp-json\/wp\/v2\/media?parent=2784"}],"curies":[{"name":"wp","href":"https:\/\/api.w.org\/{rel}","templated":true}]}}