{"id":2747,"date":"2023-10-25T14:46:47","date_gmt":"2023-10-25T14:46:47","guid":{"rendered":"https:\/\/www.penyaadvocats.com\/virginia-pena\/"},"modified":"2023-11-27T11:18:43","modified_gmt":"2023-11-27T11:18:43","slug":"virginia-pena","status":"publish","type":"page","link":"https:\/\/www.penyaadvocats.com\/ca\/virginia-pena\/","title":{"rendered":"Virginia Pe\u00f1a"},"content":{"rendered":"\t\t<div data-elementor-type=\"wp-page\" data-elementor-id=\"2747\" class=\"elementor elementor-2747 elementor-509\" data-elementor-post-type=\"page\">\n\t\t\t\t\t\t<section class=\"elementor-section elementor-top-section elementor-element elementor-element-edfa513 elementor-section-full_width elementor-section-height-min-height elementor-section-items-top elementor-section-height-default\" data-id=\"edfa513\" data-element_type=\"section\" data-e-type=\"section\" data-settings=\"{&quot;sticky&quot;:&quot;top&quot;,&quot;sticky_on&quot;:[&quot;desktop&quot;,&quot;laptop&quot;],&quot;sticky_offset&quot;:126,&quot;sticky_effects_offset&quot;:120,&quot;sticky_anchor_link_offset&quot;:0}\">\n\t\t\t\t\t\t<div class=\"elementor-container elementor-column-gap-default\">\n\t\t\t\t\t<div class=\"elementor-column elementor-col-100 elementor-top-column elementor-element elementor-element-bba0870\" data-id=\"bba0870\" data-element_type=\"column\" data-e-type=\"column\">\n\t\t\t<div class=\"elementor-widget-wrap elementor-element-populated\">\n\t\t\t\t\t\t<section class=\"elementor-section elementor-inner-section elementor-element elementor-element-10756ed elementor-section-full_width elementor-section-height-min-height elementor-section-content-middle elementor-section-height-default\" data-id=\"10756ed\" data-element_type=\"section\" data-e-type=\"section\" data-settings=\"{&quot;background_background&quot;:&quot;classic&quot;}\">\n\t\t\t\t\t\t<div class=\"elementor-container elementor-column-gap-default\">\n\t\t\t\t\t<div class=\"elementor-column elementor-col-100 elementor-inner-column elementor-element elementor-element-a9b313c\" data-id=\"a9b313c\" data-element_type=\"column\" data-e-type=\"column\">\n\t\t\t<div class=\"elementor-widget-wrap elementor-element-populated\">\n\t\t\t\t\t\t<div class=\"elementor-element elementor-element-8986aae elementor-widget elementor-widget-heading\" data-id=\"8986aae\" data-element_type=\"widget\" data-e-type=\"widget\" data-widget_type=\"heading.default\">\n\t\t\t\t<div class=\"elementor-widget-container\">\n\t\t\t\t\t<span class=\"elementor-heading-title elementor-size-default\">Sinceritat <br>abans de res<\/span>\t\t\t\t<\/div>\n\t\t\t\t<\/div>\n\t\t\t\t\t<\/div>\n\t\t<\/div>\n\t\t\t\t\t<\/div>\n\t\t<\/section>\n\t\t\t\t<section class=\"elementor-section elementor-inner-section elementor-element elementor-element-c613642 elementor-section-boxed elementor-section-height-default elementor-section-height-default\" data-id=\"c613642\" data-element_type=\"section\" data-e-type=\"section\">\n\t\t\t\t\t\t<div class=\"elementor-container elementor-column-gap-default\">\n\t\t\t\t\t<div class=\"elementor-column elementor-col-100 elementor-inner-column elementor-element elementor-element-30ad65f\" data-id=\"30ad65f\" data-element_type=\"column\" data-e-type=\"column\">\n\t\t\t<div class=\"elementor-widget-wrap elementor-element-populated\">\n\t\t\t\t\t\t<div class=\"elementor-element elementor-element-6ef7775 elementor-widget elementor-widget-text-editor\" data-id=\"6ef7775\" data-element_type=\"widget\" data-e-type=\"widget\" data-widget_type=\"text-editor.default\">\n\t\t\t\t<div class=\"elementor-widget-container\">\n\t\t\t\t\t\t\t\t\t<p>A Virginia Pe\u00f1a Advocats treballem sota una premissa fonamental: ser transparents amb tu.<\/p>\n<p>Per aix\u00f2 no parlem d\u2019equips multidisciplinaris, ni de solucions personalitzades, ni de comprom\u00eds. Aix\u00f2 ja ho donem per descomptat.<\/p>\n<p>Del que s\u00ed que et parlarem \u00e9s de com resoldrem el teu cas, de qui hi treballar\u00e0 i de quins passos seguirem en tot moment.<\/p>\n\t\t\t\t\t\t\t\t<\/div>\n\t\t\t\t<\/div>\n\t\t\t\t\t<\/div>\n\t\t<\/div>\n\t\t\t\t\t<\/div>\n\t\t<\/section>\n\t\t\t\t\t<\/div>\n\t\t<\/div>\n\t\t\t\t\t<\/div>\n\t\t<\/section>\n\t\t\t\t<section class=\"elementor-section elementor-top-section elementor-element elementor-element-05fc487 elementor-section-height-min-height section_blur elementor-section-boxed elementor-section-height-default elementor-section-items-middle\" data-id=\"05fc487\" data-element_type=\"section\" data-e-type=\"section\" id=\"about2\" data-settings=\"{&quot;background_background&quot;:&quot;gradient&quot;,&quot;sticky&quot;:&quot;top&quot;,&quot;sticky_on&quot;:[&quot;desktop&quot;,&quot;laptop&quot;],&quot;sticky_offset&quot;:125,&quot;sticky_effects_offset&quot;:150,&quot;sticky_anchor_link_offset&quot;:0}\">\n\t\t\t\t\t\t\t<div class=\"elementor-background-overlay\"><\/div>\n\t\t\t\t\t\t\t<div class=\"elementor-container elementor-column-gap-default\">\n\t\t\t\t\t<div class=\"elementor-column elementor-col-50 elementor-top-column elementor-element elementor-element-579aa35\" data-id=\"579aa35\" data-element_type=\"column\" data-e-type=\"column\" id=\"col1\">\n\t\t\t<div class=\"elementor-widget-wrap elementor-element-populated\">\n\t\t\t\t\t\t<div class=\"elementor-element elementor-element-fdc7e55 animated-slow elementor-invisible elementor-widget elementor-widget-heading\" data-id=\"fdc7e55\" data-element_type=\"widget\" data-e-type=\"widget\" data-settings=\"{&quot;_animation&quot;:&quot;fadeInUp&quot;}\" data-widget_type=\"heading.default\">\n\t\t\t\t<div class=\"elementor-widget-container\">\n\t\t\t\t\t<h2 class=\"elementor-heading-title elementor-size-default\">Un equip en aprenentatge continu<\/h2>\t\t\t\t<\/div>\n\t\t\t\t<\/div>\n\t\t\t\t<div class=\"elementor-element elementor-element-14ce76f animated-slow elementor-invisible elementor-widget elementor-widget-text-editor\" data-id=\"14ce76f\" data-element_type=\"widget\" data-e-type=\"widget\" data-settings=\"{&quot;_animation&quot;:&quot;fadeInUp&quot;}\" data-widget_type=\"text-editor.default\">\n\t\t\t\t<div class=\"elementor-widget-container\">\n\t\t\t\t\t\t\t\t\t<p>Per defensar els teus interessos legals, \u00e9s imprescindible con\u00e8ixer la llei. I no n\u2019hi ha prou amb haver cursat els estudis: la llei canvia constantment.<\/p>\n<p>Per aix\u00f2 continuem formant-nos cont\u00ednuament.<br \/>Continuem assistint a congressos.<br \/>Continuem cursant m\u00e0sters.<\/p>\n<p>I aix\u00f2, juntament amb els nostres m\u00e9s de 20 anys d\u2019experi\u00e8ncia, ens permet treballar en casos com el teu sabent fins on podem arribar i minimitzant riscos.<\/p>\n\t\t\t\t\t\t\t\t<\/div>\n\t\t\t\t<\/div>\n\t\t\t\t\t<\/div>\n\t\t<\/div>\n\t\t\t\t<div class=\"elementor-column elementor-col-50 elementor-top-column elementor-element elementor-element-e384ca9\" data-id=\"e384ca9\" data-element_type=\"column\" data-e-type=\"column\">\n\t\t\t<div class=\"elementor-widget-wrap elementor-element-populated\">\n\t\t\t\t\t\t<div class=\"elementor-element elementor-element-a2c76a4 animated-slow elementor-widget-tablet__width-auto elementor-invisible elementor-widget elementor-widget-html\" data-id=\"a2c76a4\" data-element_type=\"widget\" data-e-type=\"widget\" data-settings=\"{&quot;_animation&quot;:&quot;fadeInUp&quot;}\" data-widget_type=\"html.default\">\n\t\t\t\t<div class=\"elementor-widget-container\">\n\t\t\t\t\t<style>\/* _____________ Estilos ______________ *\/\n        \n        \n        .cardsStickyScroll .cards .title {\n            \/* Estilos para los titulos de las cards *\/\n            margin-top: 10px;\n            color: #1C396C;\n            color: var(--e-global-color-primary, #1C396C);\n        }\n\n        .cardsStickyScroll .cards .description {\n            \/* Estilos para las descripciones de las cards *\/\n            color: #1C396C;\n            color: var(--e-global-color-primary, #1C396C);\n            font-size: var(--e-global-typography-text-font-size);\n        }\n        \n         \n        \/* Colores de las cards *\/\n        .cardsStickyScroll .card.primary{\n            background-color: #1C396C; background-color: var(--e-global-color-primary, #1C396C);\n        }\n        \n        .cardsStickyScroll .card.primary p{\n            color: var( --e-global-color-4737667, white );\n        }\n        \n         \/* Ejemplo de card con imagen de fondo  *\/\n        \n        #card1 {\n            background-image: url(https:\/\/www.penyaadvocats.com\/wp-content\/uploads\/2023\/11\/Virginia-Pena-1.jpeg);\n            background-position: top center;\n                background-repeat: no-repeat;\n            background-size: cover;\n        }\n        \n        \n        \/* ___________________________________ *\/\n        \n        \n        \n        \n        .cardsStickyScroll {\n            position: relative;\n            overflow: hidden;\n            max-width: 400px;\n        }\n        \n        @media (min-width: 750px) {\n             .cardsStickyScroll {\n                transform: scale(1.05);\n                overflow: visible;\n            }\n        }\n                \n        \n\n        .cardsStickyScroll::before {\n            content: \"\";\n            position: absolute;\n            bottom: 0;\n            left: 0;\n            width: 100%;\n            height: 50px;\n            background: linear-gradient(to bottom, rgba(255, 255, 255, 0), rgba(255, 255, 255, 1));\n            pointer-events: none;\n            z-index: 1;\n            transform: scale(1.008);\n            margin-bottom: -1px;\n        }\n\n        .cardsStickyScroll .cards {\n            height: 850px;\n            overflow-y: scroll;\n            position: relative;\n        }\n\n        .cardsStickyScroll .cards::-webkit-scrollbar {\n            width: 0px;\n        }\n\n        .cardsStickyScroll .card-space,\n        .cardsStickyScroll .card {\n            height: 700px;\n            transform: scale(1);\n            transition: 0.4s;\n        }\n\n        .cardsStickyScroll .card-space {\n            position: relative;\n            pointer-events: none;\n        }\n\n        .cardsStickyScroll .card {\n            border-radius: 20px;\n            margin-bottom: 240px;\n            padding: 20px;\n            position: sticky;\n            top: var(--sticky-top, 0);\n\n            display: flex;\n            flex-direction: column;\n            flex-wrap: nowrap;\n            \/*justify-content: space-between;*\/\n            \n            \n            box-shadow: 3px 3px 11px -7px rgba(0,0,0,0.75);\n            -webkit-box-shadow: 3px 3px 11px -7px rgba(0,0,0,0.75);\n            -moz-box-shadow: 3px 3px 11px -7px rgba(0,0,0,0.75);\n        }\n\n        .cardsStickyScroll .card::before {\n            content: \"\";\n            position: absolute;\n            top: 0;\n            left: 0;\n            width: 100%;\n            height: 100%;\n            box-sizing: border-box;\n            pointer-events: none;\n            z-index: -1;\n        }\n\n\n        .cardsStickyScroll .bullet-section {\n            position: absolute;\n            right: 40px;\n            top: 50%;\n            transform: translate(-0%, -50%);\n        }\n\n        .cardsStickyScroll .bullet {\n            width: 10px;\n            height: 10px;\n            background-color: #ffffff00;\n            border: 1px solid rgb(221 221 221);\n            border-radius: 50%;\n            margin-bottom: 10px;\n            cursor: pointer;\n        }\n\n        .cardsStickyScroll .bullet.active {\n            background-color: #ffffff;\n            border: none;\n        }\n        \n        \n        \n        @media(max-width:767px){\n        .cardsStickyScroll .cards {\n            height: 450px;\n            overflow-y: scroll;\n            position: relative;\n        }\n        \n        \n        .cardsStickyScroll .card-space,\n        .cardsStickyScroll .card {\n            height: 450px;\n        }\n        \n        \n        }\n        \n        \n\n        @media only screen and (max-width: 1440px) and (min-width: 1280px){\n            .cardsStickyScroll .cards {\n            height: 420px;\n            overflow-y: scroll;\n            position: relative;\n        }\n        \n        \n        .cardsStickyScroll .card-space,\n        .cardsStickyScroll .card {\n            height: 420px;\n        }\n        }\n        \n        \n    <\/style><section class=\"cardsStickyScroll\"><div class=\"cards\"><!-- Card --><div class=\"card primary\" id=\"card1\" style=\"justify-content: end;\"><p class=\"title\" style=\"color: white; font-weight:bold; text-align:center; font-size:2rem\">Virginia Pe\u00f1a<\/p><p class=\"description\" style=\"color:white; font-weight:600; text-align:center; font-size:1.5rem\">Directora del despcho<\/p><\/div><div class=\"card primary\"><p class=\"title\" style=\"color: white; font-weight:bold\">Licenciada en Derecho<\/p><p class=\"description\">Universitat Lleida<\/p><p class=\"title\" style=\"color: white; font-weight:bold\">Master en Derecho Penal Econ\u00f3mico<\/p><p class=\"description\">Universitat Abat Oliba CEU<\/p><p class=\"title\" style=\"color: white; font-weight:bold\">Derecho concursal<\/p><p class=\"description\">Formaci\u00f3n continua en \u00e1mbito concursa<br \/><br \/>Asistencia en F\u00f3rums Mercantiles y Concursales<\/p><p class=\"title\" style=\"color: white; font-weight:bold\">Derecho Civil<\/p><p class=\"description\">Formaci\u00f3n en \u00e1mbito civil\n                    <br \/><br \/>Formaci\u00f3n en responsabilidad civil contractual y extracontractual<\/p><\/div><div class=\"card-space\"><\/div><\/div><div class=\"bullet-section\"><\/div><\/section><script>document.addEventListener('DOMContentLoaded', function () {\n            document.querySelectorAll(\".cardsStickyScroll\").forEach(cardsStickyScroll => {\n                const cards = cardsStickyScroll.querySelectorAll('.card');\n                const bulletSection = cardsStickyScroll.querySelector('.bullet-section');\n                const seccion = cardsStickyScroll.querySelector('.cards');\n\n                const cardsScrollTop = [];\n\n                cards.forEach((card, index) => {\n                    const marginTop = (cards.length - index - 1) * 20;\n                    card.style.setProperty('--sticky-top', `${marginTop}px`);\n\n                    const bullet = document.createElement('div');\n                    bullet.classList.add('bullet');\n                    bullet.dataset.targetIndex = index;\n                    bulletSection.appendChild(bullet);\n\n                    const cardTop = card.offsetTop - marginTop;\n\n                    cardsScrollTop.push(cardTop);\n\n                    bullet.addEventListener('click', () => {\n                        seccion.scrollTo({ top: cardTop, behavior: 'smooth' });\n                    });\n                });\n                \n                \/\/ Seleccionar cards por default (por ejemplo, la card del medio)\n                \/\/ card del medio: cardsScrollTop[parseInt(cardsScrollTop.length \/ 2)]\n                \/\/seccion.scrollTo({ top: cardsScrollTop[parseInt(cardsScrollTop.length \/ 2)], behavior: 'smooth' });\n\n                function findClosestIndex(numb, arr) {\n                    let closestIndex = 0;\n                    let closestDifference = Math.abs(arr[0] - numb);\n\n                    for (let i = 1; i <arr.length; i++) { const difference = Math.abs(arr[i] - numb); if (difference <closestDifference) { closestIndex = i; closestDifference = difference; } } return closestIndex; } let previusIndexActive = 0; function changeActiveBullet(index) { const activeBullet = cardsStickyScroll.querySelector('.bullet.active'); if (activeBullet) { activeBullet.classList.remove('active'); } const targetBullet = cardsStickyScroll.querySelector(`.bullet[data-target-index=\"${index}\"]`); targetBullet.classList.add('active'); previusIndexActive = index; } changeActiveBullet(0); const maxScrollTop = seccion.scrollHeight - seccion.offsetHeight - seccion.querySelector(\".card-space\").offsetHeight; seccion.addEventListener('scroll', function (e) { const indexActive = findClosestIndex(seccion.scrollTop, cardsScrollTop); if (seccion.scrollTop> maxScrollTop) {\n                        seccion.scrollTo(0, maxScrollTop);\n                        e.preventDefault();\n                    }\n\n                    const total = cardsScrollTop.reduce((acc, curr) => curr <= seccion.scrollTop ? acc + 1 : acc, 0); cardsScrollTop.forEach((cardScrollTop, index) => {\n                        if (seccion.scrollTop >= cardScrollTop) {\n                            cards[index].style.transform = `scale(${(1 - (total * 0.01)) + (0.01 * index)})`;\n                        } else {\n                            cards[index].style.transform = `scale(${1})`;\n                        }\n                    });\n\n\n                    if (previusIndexActive !== indexActive) {\n                        changeActiveBullet(indexActive);\n                    }\n                });\n            });\n        });\n\n    <\/script>\t\t\t\t<\/div>\n\t\t\t\t<\/div>\n\t\t\t\t\t<\/div>\n\t\t<\/div>\n\t\t\t\t\t<\/div>\n\t\t<\/section>\n\t\t\t\t<section class=\"elementor-section elementor-top-section elementor-element elementor-element-fe4c7e1 elementor-section-height-min-height section_blur elementor-section-boxed elementor-section-height-default elementor-section-items-middle\" data-id=\"fe4c7e1\" data-element_type=\"section\" data-e-type=\"section\" data-settings=\"{&quot;background_background&quot;:&quot;classic&quot;,&quot;sticky&quot;:&quot;top&quot;,&quot;sticky_on&quot;:[&quot;desktop&quot;,&quot;laptop&quot;],&quot;sticky_offset&quot;:127,&quot;sticky_effects_offset&quot;:0,&quot;sticky_anchor_link_offset&quot;:0}\">\n\t\t\t\t\t\t\t<div class=\"elementor-background-overlay\"><\/div>\n\t\t\t\t\t\t\t<div class=\"elementor-container elementor-column-gap-custom\">\n\t\t\t\t\t<div class=\"elementor-column elementor-col-100 elementor-top-column elementor-element elementor-element-f9be69d\" data-id=\"f9be69d\" data-element_type=\"column\" data-e-type=\"column\">\n\t\t\t<div class=\"elementor-widget-wrap elementor-element-populated\">\n\t\t\t\t\t\t<section class=\"elementor-section elementor-inner-section elementor-element elementor-element-c309bd8 elementor-section-boxed elementor-section-height-default elementor-section-height-default\" data-id=\"c309bd8\" data-element_type=\"section\" data-e-type=\"section\">\n\t\t\t\t\t\t<div class=\"elementor-container elementor-column-gap-default\">\n\t\t\t\t\t<div class=\"elementor-column elementor-col-50 elementor-inner-column elementor-element elementor-element-fdd73d8 elementor-hidden-mobile elementor-hidden-tablet\" data-id=\"fdd73d8\" data-element_type=\"column\" data-e-type=\"column\">\n\t\t\t<div class=\"elementor-widget-wrap\">\n\t\t\t\t\t\t\t<\/div>\n\t\t<\/div>\n\t\t\t\t<div class=\"elementor-column elementor-col-50 elementor-inner-column elementor-element elementor-element-34fcf01\" data-id=\"34fcf01\" data-element_type=\"column\" data-e-type=\"column\">\n\t\t\t<div class=\"elementor-widget-wrap elementor-element-populated\">\n\t\t\t\t\t\t<div class=\"elementor-element elementor-element-fa396c6 animated-slow elementor-invisible elementor-widget elementor-widget-heading\" data-id=\"fa396c6\" data-element_type=\"widget\" data-e-type=\"widget\" data-settings=\"{&quot;_animation&quot;:&quot;fadeInUp&quot;}\" data-widget_type=\"heading.default\">\n\t\t\t\t<div class=\"elementor-widget-container\">\n\t\t\t\t\t<h2 class=\"elementor-heading-title elementor-size-default\">Col\u00b7laborem amb altres professionals<\/h2>\t\t\t\t<\/div>\n\t\t\t\t<\/div>\n\t\t\t\t<div class=\"elementor-element elementor-element-4e7c770 animated-slow elementor-invisible elementor-widget elementor-widget-text-editor\" data-id=\"4e7c770\" data-element_type=\"widget\" data-e-type=\"widget\" data-settings=\"{&quot;_animation&quot;:&quot;fadeInUp&quot;}\" data-widget_type=\"text-editor.default\">\n\t\t\t\t<div class=\"elementor-widget-container\">\n\t\t\t\t\t\t\t\t\t<p>El dret abasta molt\u00edssims camps i la millor manera d\u2019arribar a tot \u00e9s compartir coneixements. Per aix\u00f2, en alguns \u00e0mbits concrets, col\u00b7laborem i ens associem amb especialistes.<\/p>\n<p>Nosaltres hi aportem el nostre know-how i ells hi aporten els mitjans espec\u00edfics per portar-lo a la pr\u00e0ctica. Junts, resolem el teu cas d\u2019una manera molt m\u00e9s eficient.<\/p>\n\t\t\t\t\t\t\t\t<\/div>\n\t\t\t\t<\/div>\n\t\t\t\t\t<\/div>\n\t\t<\/div>\n\t\t\t\t\t<\/div>\n\t\t<\/section>\n\t\t\t\t\t<\/div>\n\t\t<\/div>\n\t\t\t\t\t<\/div>\n\t\t<\/section>\n\t\t\t\t<\/div>\n\t\t","protected":false},"excerpt":{"rendered":"<p>Sinceritat abans de res A Virginia Pe\u00f1a Advocats treballem sota una premissa fonamental: ser transparents amb tu. Per aix\u00f2 no parlem d\u2019equips multidisciplinaris, ni de solucions personalitzades, ni de comprom\u00eds. Aix\u00f2 ja ho donem per descomptat. Del que s\u00ed que et parlarem \u00e9s de com resoldrem el teu cas, de qui hi treballar\u00e0 i de [&hellip;]<\/p>\n","protected":false},"author":1,"featured_media":0,"parent":0,"menu_order":0,"comment_status":"closed","ping_status":"closed","template":"","meta":{"inline_featured_image":false,"footnotes":""},"class_list":["post-2747","page","type-page","status-publish","hentry"],"_links":{"self":[{"href":"https:\/\/www.penyaadvocats.com\/ca\/wp-json\/wp\/v2\/pages\/2747","targetHints":{"allow":["GET"]}}],"collection":[{"href":"https:\/\/www.penyaadvocats.com\/ca\/wp-json\/wp\/v2\/pages"}],"about":[{"href":"https:\/\/www.penyaadvocats.com\/ca\/wp-json\/wp\/v2\/types\/page"}],"author":[{"embeddable":true,"href":"https:\/\/www.penyaadvocats.com\/ca\/wp-json\/wp\/v2\/users\/1"}],"replies":[{"embeddable":true,"href":"https:\/\/www.penyaadvocats.com\/ca\/wp-json\/wp\/v2\/comments?post=2747"}],"version-history":[{"count":3,"href":"https:\/\/www.penyaadvocats.com\/ca\/wp-json\/wp\/v2\/pages\/2747\/revisions"}],"predecessor-version":[{"id":2750,"href":"https:\/\/www.penyaadvocats.com\/ca\/wp-json\/wp\/v2\/pages\/2747\/revisions\/2750"}],"wp:attachment":[{"href":"https:\/\/www.penyaadvocats.com\/ca\/wp-json\/wp\/v2\/media?parent=2747"}],"curies":[{"name":"wp","href":"https:\/\/api.w.org\/{rel}","templated":true}]}}